{"id":489,"date":"2018-05-02T10:18:26","date_gmt":"2018-05-02T10:18:26","guid":{"rendered":"https:\/\/piscinasprefabricadasdepoliester.com\/?page_id=489"},"modified":"2018-05-15T11:46:25","modified_gmt":"2018-05-15T11:46:25","slug":"piscinas-prefabricadas-en-sevilla","status":"publish","type":"page","link":"https:\/\/piscinasprefabricadasdepoliester.com\/?page_id=489","title":{"rendered":"Piscinas prefabricadas en Sevilla"},"content":{"rendered":"<p>Astropool, somos una empresa experta en la construcci\u00f3n, fabricaci\u00f3n e instalaci\u00f3n\u00a0 de piscinas prefabricadas en Sevilla y de poli\u00e9ster. Contamos con m\u00e1s de 20 a\u00f1os de experiencia.<\/p>\n<p>Tambi\u00e9n somos expertos en peque\u00f1as piscinas y piscinas para \u00e1ticos y terrazas.<br \/>\n<iframe loading=\"lazy\" src=\"https:\/\/www.youtube.com\/embed\/duDGTMkru9I\" width=\"560\" height=\"315\" frameborder=\"0\" allowfullscreen=\"allowfullscreen\"><\/iframe><\/p>\n<p><a href=\"https:\/\/piscinasprefabricadasdepoliester.com\/contacto\/\">Consulte nuestros precios<\/a>.<\/p>\n","protected":false},"excerpt":{"rendered":"<p>Astropool, somos una empresa experta en la construcci\u00f3n, fabricaci\u00f3n e instalaci\u00f3n\u00a0 de piscinas prefabricadas en Sevilla y de poli\u00e9ster. Contamos con m\u00e1s de 20 a\u00f1os de experiencia. Tambi\u00e9n somos expertos en peque\u00f1as piscinas y piscinas para \u00e1ticos y terrazas. Consulte nuestros precios.<\/p>\n","protected":false},"author":1,"featured_media":0,"parent":0,"menu_order":0,"comment_status":"closed","ping_status":"closed","template":"","meta":[],"_links":{"self":[{"href":"https:\/\/piscinasprefabricadasdepoliester.com\/index.php?rest_route=\/wp\/v2\/pages\/489"}],"collection":[{"href":"https:\/\/piscinasprefabricadasdepoliester.com\/index.php?rest_route=\/wp\/v2\/pages"}],"about":[{"href":"https:\/\/piscinasprefabricadasdepoliester.com\/index.php?rest_route=\/wp\/v2\/types\/page"}],"author":[{"embeddable":true,"href":"https:\/\/piscinasprefabricadasdepoliester.com\/index.php?rest_route=\/wp\/v2\/users\/1"}],"replies":[{"embeddable":true,"href":"https:\/\/piscinasprefabricadasdepoliester.com\/index.php?rest_route=%2Fwp%2Fv2%2Fcomments&post=489"}],"version-history":[{"count":4,"href":"https:\/\/piscinasprefabricadasdepoliester.com\/index.php?rest_route=\/wp\/v2\/pages\/489\/revisions"}],"predecessor-version":[{"id":529,"href":"https:\/\/piscinasprefabricadasdepoliester.com\/index.php?rest_route=\/wp\/v2\/pages\/489\/revisions\/529"}],"wp:attachment":[{"href":"https:\/\/piscinasprefabricadasdepoliester.com\/index.php?rest_route=%2Fwp%2Fv2%2Fmedia&parent=489"}],"curies":[{"name":"wp","href":"https:\/\/api.w.org\/{rel}","templated":true}]}}