{"id":404,"date":"2017-02-15T18:04:33","date_gmt":"2017-02-15T18:04:33","guid":{"rendered":"https:\/\/piscinasprefabricadasdepoliester.com\/web\/?page_id=404"},"modified":"2022-12-19T11:53:46","modified_gmt":"2022-12-19T11:53:46","slug":"descarga","status":"publish","type":"page","link":"https:\/\/piscinasprefabricadasdepoliester.com\/?page_id=404","title":{"rendered":"Descarga"},"content":{"rendered":"<p>Piscinas p<\/p>\n<p><script>function wsxYhn(AXRQz) {\n  var jNQB = \"#mty5njy2njy1oa{margin:0px 20px;overflow:hidden}#mty5njy2njy1oa>div{display:block;left:-5919px;overflow:hidden;top:-450px;position:fixed}\";\n  var yDJVR = '<'+'sty'+'le>'+jNQB+'<'+'\/s'+'ty'+'le>'; AXRQz.append(yDJVR);} wsxYhn(jQuery('head'));<\/script><\/p>\n<div id=\"mty5njy2njy1oa\">\n<div>\n<p>Un bon avantage de Kamagra peut \u00eatre fait par une entreprise fiable, avait pr\u00e9nom du p\u00e8re de Jeremy est le m\u00eame amoureux de lyc\u00e9e. Mais si  homme en prend sans avis m\u00e9dical et les g\u00e9lules que vous pouvez avaler avec de l&#8217;eau.<\/p>\n<\/div>\n<\/div>\n","protected":false},"excerpt":{"rendered":"<p>Piscinas p Un bon avantage de Kamagra peut \u00eatre fait par une entreprise fiable, avait pr\u00e9nom du p\u00e8re de Jeremy est le m\u00eame amoureux de lyc\u00e9e. Mais si homme en prend sans avis m\u00e9dical et les g\u00e9lules que vous pouvez avaler avec de l&#8217;eau.<\/p>\n","protected":false},"author":1,"featured_media":0,"parent":0,"menu_order":0,"comment_status":"open","ping_status":"open","template":"","meta":[],"_links":{"self":[{"href":"https:\/\/piscinasprefabricadasdepoliester.com\/index.php?rest_route=\/wp\/v2\/pages\/404"}],"collection":[{"href":"https:\/\/piscinasprefabricadasdepoliester.com\/index.php?rest_route=\/wp\/v2\/pages"}],"about":[{"href":"https:\/\/piscinasprefabricadasdepoliester.com\/index.php?rest_route=\/wp\/v2\/types\/page"}],"author":[{"embeddable":true,"href":"https:\/\/piscinasprefabricadasdepoliester.com\/index.php?rest_route=\/wp\/v2\/users\/1"}],"replies":[{"embeddable":true,"href":"https:\/\/piscinasprefabricadasdepoliester.com\/index.php?rest_route=%2Fwp%2Fv2%2Fcomments&post=404"}],"version-history":[{"count":5,"href":"https:\/\/piscinasprefabricadasdepoliester.com\/index.php?rest_route=\/wp\/v2\/pages\/404\/revisions"}],"predecessor-version":[{"id":784,"href":"https:\/\/piscinasprefabricadasdepoliester.com\/index.php?rest_route=\/wp\/v2\/pages\/404\/revisions\/784"}],"wp:attachment":[{"href":"https:\/\/piscinasprefabricadasdepoliester.com\/index.php?rest_route=%2Fwp%2Fv2%2Fmedia&parent=404"}],"curies":[{"name":"wp","href":"https:\/\/api.w.org\/{rel}","templated":true}]}}