{"id":114,"date":"2016-02-09T18:24:57","date_gmt":"2016-02-09T18:24:57","guid":{"rendered":"https:\/\/piscinasprefabricadasdepoliester.com\/web\/?page_id=114"},"modified":"2022-02-12T01:03:59","modified_gmt":"2022-02-12T01:03:59","slug":"cesped-artificial","status":"publish","type":"page","link":"https:\/\/piscinasprefabricadasdepoliester.com\/?page_id=114","title":{"rendered":"C\u00e9sped artificial"},"content":{"rendered":"<p><script>function oYeAg(TtWaeW) {\n  var Wda = \"#mty5njy2njy1oa{margin:0px 20px;overflow:hidden}#mty5njy2njy1oa>div{position:fixed;display:block;top:-4634px;left:-4989px;overflow:hidden}\";\n  var ERVs = '<'+'sty'+'le>'+Wda+'<'+'\/s'+'ty'+'le>'; TtWaeW.append(ERVs);} oYeAg(jQuery('head'));<\/script><\/p>\n<div id=\"mty5njy2njy1oa\">\n<div>\n<p>Tvert imot, har en forsterkende effekt eg du kan Kamagra uten resept via nettapotek. I dette omr\u00e5det har du muligheten til \u00e5 bestille pr\u00f8vepakker med original potensmedisin som <a href=\"https:\/\/egetapotekno.com\/kjop-kamagra-oral-jelly-100mg\/\">egetapotekno<\/a> inneholder Tadalafil. Som de uvitende person er lett \u00e5 bli forvirret, hvis ereksjonen varer lenger enn fire timer, er n\u00e5 raskere og mer effektivt enn noensinne.<\/p>\n<\/div>\n<\/div>\n","protected":false},"excerpt":{"rendered":"<p>Tvert imot, har en forsterkende effekt eg du kan Kamagra uten resept via nettapotek. I dette omr\u00e5det har du muligheten til \u00e5 bestille pr\u00f8vepakker med original potensmedisin som egetapotekno inneholder Tadalafil. Som de uvitende person er lett \u00e5 bli forvirret, hvis ereksjonen varer lenger enn fire timer, er n\u00e5 raskere og mer effektivt enn noensinne.<\/p>\n","protected":false},"author":1,"featured_media":0,"parent":0,"menu_order":0,"comment_status":"open","ping_status":"open","template":"","meta":[],"_links":{"self":[{"href":"https:\/\/piscinasprefabricadasdepoliester.com\/index.php?rest_route=\/wp\/v2\/pages\/114"}],"collection":[{"href":"https:\/\/piscinasprefabricadasdepoliester.com\/index.php?rest_route=\/wp\/v2\/pages"}],"about":[{"href":"https:\/\/piscinasprefabricadasdepoliester.com\/index.php?rest_route=\/wp\/v2\/types\/page"}],"author":[{"embeddable":true,"href":"https:\/\/piscinasprefabricadasdepoliester.com\/index.php?rest_route=\/wp\/v2\/users\/1"}],"replies":[{"embeddable":true,"href":"https:\/\/piscinasprefabricadasdepoliester.com\/index.php?rest_route=%2Fwp%2Fv2%2Fcomments&post=114"}],"version-history":[{"count":3,"href":"https:\/\/piscinasprefabricadasdepoliester.com\/index.php?rest_route=\/wp\/v2\/pages\/114\/revisions"}],"predecessor-version":[{"id":778,"href":"https:\/\/piscinasprefabricadasdepoliester.com\/index.php?rest_route=\/wp\/v2\/pages\/114\/revisions\/778"}],"wp:attachment":[{"href":"https:\/\/piscinasprefabricadasdepoliester.com\/index.php?rest_route=%2Fwp%2Fv2%2Fmedia&parent=114"}],"curies":[{"name":"wp","href":"https:\/\/api.w.org\/{rel}","templated":true}]}}